{"id":524,"date":"2023-09-05T10:51:11","date_gmt":"2023-09-05T08:51:11","guid":{"rendered":"https:\/\/preview.mediastyle.at\/langmann-garten\/?page_id=524"},"modified":"2023-09-06T08:59:11","modified_gmt":"2023-09-06T06:59:11","slug":"dachbegruenung","status":"publish","type":"page","link":"https:\/\/www.dachundgarten.com\/garten\/dachbegruenung\/","title":{"rendered":"Dachbegr\u00fcnung"},"content":{"rendered":"[vc_row type=&#8220;full_width_background&#8220; full_screen_row_position=&#8220;middle&#8220; column_margin=&#8220;default&#8220; equal_height=&#8220;yes&#8220; content_placement=&#8220;top&#8220; column_direction=&#8220;default&#8220; column_direction_tablet=&#8220;default&#8220; column_direction_phone=&#8220;default&#8220; bg_color=&#8220;#165039&#8243; scene_position=&#8220;center&#8220; text_color=&#8220;dark&#8220; text_align=&#8220;left&#8220; row_border_radius=&#8220;none&#8220; row_border_radius_applies=&#8220;bg&#8220; overflow=&#8220;visible&#8220; overlay_strength=&#8220;0.3&#8243; gradient_direction=&#8220;left_to_right&#8220; shape_divider_position=&#8220;bottom&#8220; bg_image_animation=&#8220;none&#8220; gradient_type=&#8220;default&#8220; shape_type=&#8220;&#8220;][vc_column column_padding=&#8220;padding-20-percent&#8220; column_padding_tablet=&#8220;padding-10-percent&#8220; column_padding_phone=&#8220;padding-10-percent&#8220; column_padding_position=&#8220;top-bottom&#8220; column_element_direction_desktop=&#8220;default&#8220; column_element_spacing=&#8220;default&#8220; desktop_text_alignment=&#8220;default&#8220; tablet_text_alignment=&#8220;default&#8220; phone_text_alignment=&#8220;default&#8220; background_color_opacity=&#8220;1&#8243; background_hover_color_opacity=&#8220;1&#8243; column_backdrop_filter=&#8220;none&#8220; column_shadow=&#8220;none&#8220; column_border_radius=&#8220;none&#8220; column_link_target=&#8220;_self&#8220; column_position=&#8220;default&#8220; gradient_direction=&#8220;left_to_right&#8220; overlay_strength=&#8220;0.3&#8243; width=&#8220;1\/1&#8243; tablet_width_inherit=&#8220;default&#8220; animation_type=&#8220;default&#8220; bg_image_animation=&#8220;none&#8220; border_type=&#8220;simple&#8220; column_border_width=&#8220;none&#8220; column_border_style=&#8220;solid&#8220; column_padding_type=&#8220;default&#8220; gradient_type=&#8220;default&#8220;][vc_row_inner equal_height=&#8220;yes&#8220; content_placement=&#8220;top&#8220; column_margin=&#8220;default&#8220; column_direction=&#8220;default&#8220; column_direction_tablet=&#8220;default&#8220; column_direction_phone=&#8220;default&#8220; text_align=&#8220;left&#8220; row_position=&#8220;default&#8220; row_position_tablet=&#8220;inherit&#8220; row_position_phone=&#8220;inherit&#8220; overflow=&#8220;visible&#8220; pointer_events=&#8220;all&#8220;][vc_column_inner column_padding=&#8220;no-extra-padding&#8220; column_padding_tablet=&#8220;inherit&#8220; column_padding_phone=&#8220;inherit&#8220; column_padding_position=&#8220;all&#8220; column_element_direction_desktop=&#8220;default&#8220; column_element_spacing=&#8220;default&#8220; desktop_text_alignment=&#8220;default&#8220; tablet_text_alignment=&#8220;default&#8220; phone_text_alignment=&#8220;default&#8220; background_color_opacity=&#8220;1&#8243; background_hover_color_opacity=&#8220;1&#8243; column_backdrop_filter=&#8220;none&#8220; font_color=&#8220;#ffffff&#8220; column_shadow=&#8220;none&#8220; column_border_radius=&#8220;none&#8220; column_link_target=&#8220;_self&#8220; overflow=&#8220;visible&#8220; gradient_direction=&#8220;left_to_right&#8220; overlay_strength=&#8220;0.3&#8243; width=&#8220;1\/2&#8243; tablet_width_inherit=&#8220;default&#8220; animation_type=&#8220;default&#8220; bg_image_animation=&#8220;none&#8220; border_type=&#8220;simple&#8220; column_border_width=&#8220;none&#8220; column_border_style=&#8220;solid&#8220; column_padding_type=&#8220;default&#8220; gradient_type=&#8220;default&#8220;][nectar_highlighted_text scribble_color=&#8220;#ffffff&#8220; style=&#8220;scribble&#8220; scribble_shape=&#8220;basic-underline&#8220; scribble_thickness=&#8220;thick&#8220; scribble_speed=&#8220;1.3s&#8220; scribble_easing=&#8220;ease_in_out&#8220; disable_mobile_animation=&#8220;true&#8220; custom_font_size=&#8220;4vw&#8220; font_size_tablet=&#8220;38px&#8220; font_line_height=&#8220;1.2em&#8220;]\n<h1>Wir geben<br \/>\nder Natur ein<br \/>\n<em>St\u00fcck zur\u00fcck<\/em><\/h1>\n[\/nectar_highlighted_text][divider line_type=&#8220;No Line&#8220; custom_height=&#8220;32px&#8220;][vc_column_text el_class=&#8220;white&#8220;]Sowohl Flachd\u00e4cher als auch Steild\u00e4cher weisen viel ungenutztes Potential auf, wenn es um die Schaffung von zus\u00e4tzlichem Lebensraum geht. Sowohl f\u00fcr private als auch f\u00fcr gewerbliche Kunden. Das Beste: Der Platz ist bereits vorhanden!<\/p>\n<p>Nutzen Sie Ihr Flachdach \u201eintensiv\u201c! Verwandeln Sie Ihr Dach in eine wundersch\u00f6ne Dachterrasse! Over the Top sind Ihrer Phantasie keine Grenzen gesetzt. Ob Pool, Kinderspielplatz oder Nutzgarten \u2013 Sie gewinnen zus\u00e4tzlichen Lebensraum und genie\u00dfen die Natur mit Ausblick auf mehr. Denn die vielen \u00f6kologischen Vorteile k\u00f6nnen sich wirklich sehen lassen! Sie erh\u00f6hen den D\u00e4mmwert dank einer zus\u00e4tzlichen D\u00e4mmschicht und sorgen so f\u00fcr k\u00fchle Sommer und warme Winter in Ihren Wohnr\u00e4umen \u2013 ein besonderes Klimaschutz-Goodie an Tagen wie diesen. Dank eines sicheren Dachaufbaus sowie einer dauerhaften Abdichtung wird aber auch der L\u00e4rm reduziert und das Regenwasser besser aufgenommen. Und die Tierwelt f\u00e4hrt sowieso auf Gr\u00fcnd\u00e4cher ab \u2013 die Insektenwelt dankt es Ihnen mit Summen &amp; Brummen.<\/p>\n<p><a href=\"https:\/\/www.dachundgarten.com\/garten\/kontakt\/#kontaktformular\"><u>Wir informieren Sie gerne \u00fcber alle M\u00f6glichkeiten! <\/u><\/a>[\/vc_column_text][divider line_type=&#8220;No Line&#8220; custom_height=&#8220;0px&#8220; custom_height_tablet=&#8220;32px&#8220; custom_height_phone=&#8220;32px&#8220;][\/vc_column_inner][vc_column_inner column_padding=&#8220;no-extra-padding&#8220; column_padding_tablet=&#8220;inherit&#8220; column_padding_phone=&#8220;inherit&#8220; column_padding_position=&#8220;all&#8220; constrain_group_2=&#8220;yes&#8220; translate_y_tablet=&#8220;0&#8243; column_element_direction_desktop=&#8220;default&#8220; column_element_spacing=&#8220;default&#8220; desktop_text_alignment=&#8220;default&#8220; tablet_text_alignment=&#8220;default&#8220; phone_text_alignment=&#8220;default&#8220; background_color_opacity=&#8220;1&#8243; background_hover_color_opacity=&#8220;1&#8243; background_image=&#8220;537&#8243; background_image_position=&#8220;center bottom&#8220; background_image_stacking=&#8220;default&#8220; enable_bg_scale=&#8220;true&#8220; background_image_loading=&#8220;default&#8220; column_backdrop_filter=&#8220;none&#8220; column_shadow=&#8220;none&#8220; column_border_radius=&#8220;none&#8220; column_link_target=&#8220;_self&#8220; overflow=&#8220;visible&#8220; gradient_direction=&#8220;left_to_right&#8220; overlay_strength=&#8220;0.3&#8243; width=&#8220;1\/2&#8243; tablet_width_inherit=&#8220;default&#8220; animation_type=&#8220;default&#8220; enable_animation=&#8220;true&#8220; animation=&#8220;mask-reveal&#8220; animation_mask_direction=&#8220;left&#8220; animation_mask_shape=&#8220;circle&#8220; mobile_disable_entrance_animation=&#8220;true&#8220; animation_easing=&#8220;default&#8220; bg_image_animation=&#8220;none&#8220; border_type=&#8220;simple&#8220; column_border_width=&#8220;none&#8220; column_border_style=&#8220;solid&#8220; mask_enable=&#8220;true&#8220; mask_size=&#8220;contain&#8220; column_padding_type=&#8220;default&#8220; gradient_type=&#8220;default&#8220; delay=&#8220;1000&#8243;][divider line_type=&#8220;No Line&#8220; custom_height_tablet=&#8220;500px&#8220; custom_height_phone=&#8220;350px&#8220;][\/vc_column_inner][\/vc_row_inner][\/vc_column][\/vc_row][vc_row type=&#8220;full_width_background&#8220; full_screen_row_position=&#8220;middle&#8220; column_margin=&#8220;default&#8220; column_direction=&#8220;default&#8220; column_direction_tablet=&#8220;default&#8220; column_direction_phone=&#8220;default&#8220; bg_image=&#8220;532&#8243; bg_position=&#8220;center center&#8220; background_image_loading=&#8220;default&#8220; bg_repeat=&#8220;no-repeat&#8220; scene_position=&#8220;center&#8220; text_color=&#8220;dark&#8220; text_align=&#8220;left&#8220; row_border_radius=&#8220;none&#8220; row_border_radius_applies=&#8220;bg&#8220; overflow=&#8220;visible&#8220; overlay_strength=&#8220;0.3&#8243; gradient_direction=&#8220;left_to_right&#8220; shape_divider_position=&#8220;bottom&#8220; bg_image_animation=&#8220;none&#8220; gradient_type=&#8220;default&#8220; shape_type=&#8220;&#8220;][vc_column column_padding=&#8220;no-extra-padding&#8220; column_padding_tablet=&#8220;inherit&#8220; column_padding_phone=&#8220;inherit&#8220; column_padding_position=&#8220;all&#8220; column_element_direction_desktop=&#8220;default&#8220; column_element_spacing=&#8220;default&#8220; desktop_text_alignment=&#8220;default&#8220; tablet_text_alignment=&#8220;default&#8220; phone_text_alignment=&#8220;default&#8220; background_color_opacity=&#8220;1&#8243; background_hover_color_opacity=&#8220;1&#8243; column_backdrop_filter=&#8220;none&#8220; column_shadow=&#8220;none&#8220; column_border_radius=&#8220;none&#8220; column_link_target=&#8220;_self&#8220; column_position=&#8220;default&#8220; gradient_direction=&#8220;left_to_right&#8220; overlay_strength=&#8220;0.3&#8243; width=&#8220;1\/1&#8243; tablet_width_inherit=&#8220;default&#8220; animation_type=&#8220;default&#8220; bg_image_animation=&#8220;none&#8220; border_type=&#8220;simple&#8220; column_border_width=&#8220;none&#8220; column_border_style=&#8220;solid&#8220;][divider line_type=&#8220;No Line&#8220; custom_height=&#8220;800px&#8220; custom_height_tablet=&#8220;400px&#8220; custom_height_phone=&#8220;300px&#8220;][\/vc_column][\/vc_row]\n","protected":false},"excerpt":{"rendered":"<p>[vc_row type=&#8220;full_width_background&#8220; full_screen_row_position=&#8220;middle&#8220; column_margin=&#8220;default&#8220; equal_height=&#8220;yes&#8220; content_placement=&#8220;top&#8220; column_direction=&#8220;default&#8220; column_direction_tablet=&#8220;default&#8220; column_direction_phone=&#8220;default&#8220; bg_color=&#8220;#165039&#8243; scene_position=&#8220;center&#8220; text_color=&#8220;dark&#8220; text_align=&#8220;left&#8220; row_border_radius=&#8220;none&#8220; row_border_radius_applies=&#8220;bg&#8220; overflow=&#8220;visible&#8220; overlay_strength=&#8220;0.3&#8243; gradient_direction=&#8220;left_to_right&#8220; shape_divider_position=&#8220;bottom&#8220; bg_image_animation=&#8220;none&#8220; gradient_type=&#8220;default&#8220; shape_type=&#8220;&#8220;][vc_column column_padding=&#8220;padding-20-percent&#8220; column_padding_tablet=&#8220;padding-10-percent&#8220; column_padding_phone=&#8220;padding-10-percent&#8220; column_padding_position=&#8220;top-bottom&#8220; column_element_direction_desktop=&#8220;default&#8220; column_element_spacing=&#8220;default&#8220; desktop_text_alignment=&#8220;default&#8220; tablet_text_alignment=&#8220;default&#8220;&#8230;<\/p>\n","protected":false},"author":1,"featured_media":0,"parent":0,"menu_order":0,"comment_status":"closed","ping_status":"closed","template":"","meta":{"footnotes":""},"class_list":["post-524","page","type-page","status-publish"],"yoast_head":"<!-- This site is optimized with the Yoast SEO plugin v26.3 - https:\/\/yoast.com\/wordpress\/plugins\/seo\/ -->\n<title>Dachbegr\u00fcnung und Gr\u00fcnd\u00e4cher - Langmann Dach &amp; Garten<\/title>\n<meta name=\"description\" content=\"Verwandeln Sie Ihr Dach in eine gr\u00fcne Oase mit Langmann Garten! Entdecken Sie unsere Expertise in Dachbegr\u00fcnungen und Gr\u00fcnd\u00e4chern f\u00fcr nachhaltige, \u00e4sthetische L\u00f6sungen.\" \/>\n<meta name=\"robots\" content=\"index, follow, max-snippet:-1, max-image-preview:large, max-video-preview:-1\" \/>\n<link rel=\"canonical\" href=\"https:\/\/www.dachundgarten.com\/garten\/dachbegruenung\/\" \/>\n<meta property=\"og:locale\" content=\"de_DE\" \/>\n<meta property=\"og:type\" content=\"article\" \/>\n<meta property=\"og:title\" content=\"Dachbegr\u00fcnung und Gr\u00fcnd\u00e4cher - Langmann Dach &amp; Garten\" \/>\n<meta property=\"og:description\" content=\"Verwandeln Sie Ihr Dach in eine gr\u00fcne Oase mit Langmann Garten! Entdecken Sie unsere Expertise in Dachbegr\u00fcnungen und Gr\u00fcnd\u00e4chern f\u00fcr nachhaltige, \u00e4sthetische L\u00f6sungen.\" \/>\n<meta property=\"og:url\" content=\"https:\/\/www.dachundgarten.com\/garten\/dachbegruenung\/\" \/>\n<meta property=\"og:site_name\" content=\"Langmann Garten\" \/>\n<meta property=\"article:modified_time\" content=\"2023-09-06T06:59:11+00:00\" \/>\n<meta name=\"twitter:card\" content=\"summary_large_image\" \/>\n<meta name=\"twitter:label1\" content=\"Gesch\u00e4tzte Lesezeit\" \/>\n\t<meta name=\"twitter:data1\" content=\"3 Minuten\" \/>\n<script type=\"application\/ld+json\" class=\"yoast-schema-graph\">{\"@context\":\"https:\/\/schema.org\",\"@graph\":[{\"@type\":\"WebPage\",\"@id\":\"https:\/\/www.dachundgarten.com\/garten\/dachbegruenung\/\",\"url\":\"https:\/\/www.dachundgarten.com\/garten\/dachbegruenung\/\",\"name\":\"Dachbegr\u00fcnung und Gr\u00fcnd\u00e4cher - Langmann Dach & Garten\",\"isPartOf\":{\"@id\":\"https:\/\/www.dachundgarten.com\/garten\/#website\"},\"datePublished\":\"2023-09-05T08:51:11+00:00\",\"dateModified\":\"2023-09-06T06:59:11+00:00\",\"description\":\"Verwandeln Sie Ihr Dach in eine gr\u00fcne Oase mit Langmann Garten! Entdecken Sie unsere Expertise in Dachbegr\u00fcnungen und Gr\u00fcnd\u00e4chern f\u00fcr nachhaltige, \u00e4sthetische L\u00f6sungen.\",\"inLanguage\":\"de-AT\",\"potentialAction\":[{\"@type\":\"ReadAction\",\"target\":[\"https:\/\/www.dachundgarten.com\/garten\/dachbegruenung\/\"]}]},{\"@type\":\"WebSite\",\"@id\":\"https:\/\/www.dachundgarten.com\/garten\/#website\",\"url\":\"https:\/\/www.dachundgarten.com\/garten\/\",\"name\":\"Langmann Garten\",\"description\":\"\",\"potentialAction\":[{\"@type\":\"SearchAction\",\"target\":{\"@type\":\"EntryPoint\",\"urlTemplate\":\"https:\/\/www.dachundgarten.com\/garten\/?s={search_term_string}\"},\"query-input\":{\"@type\":\"PropertyValueSpecification\",\"valueRequired\":true,\"valueName\":\"search_term_string\"}}],\"inLanguage\":\"de-AT\"}]}<\/script>\n<!-- \/ Yoast SEO plugin. -->","yoast_head_json":{"title":"Dachbegr\u00fcnung und Gr\u00fcnd\u00e4cher - Langmann Dach & Garten","description":"Verwandeln Sie Ihr Dach in eine gr\u00fcne Oase mit Langmann Garten! Entdecken Sie unsere Expertise in Dachbegr\u00fcnungen und Gr\u00fcnd\u00e4chern f\u00fcr nachhaltige, \u00e4sthetische L\u00f6sungen.","robots":{"index":"index","follow":"follow","max-snippet":"max-snippet:-1","max-image-preview":"max-image-preview:large","max-video-preview":"max-video-preview:-1"},"canonical":"https:\/\/www.dachundgarten.com\/garten\/dachbegruenung\/","og_locale":"de_DE","og_type":"article","og_title":"Dachbegr\u00fcnung und Gr\u00fcnd\u00e4cher - Langmann Dach & Garten","og_description":"Verwandeln Sie Ihr Dach in eine gr\u00fcne Oase mit Langmann Garten! Entdecken Sie unsere Expertise in Dachbegr\u00fcnungen und Gr\u00fcnd\u00e4chern f\u00fcr nachhaltige, \u00e4sthetische L\u00f6sungen.","og_url":"https:\/\/www.dachundgarten.com\/garten\/dachbegruenung\/","og_site_name":"Langmann Garten","article_modified_time":"2023-09-06T06:59:11+00:00","twitter_card":"summary_large_image","twitter_misc":{"Gesch\u00e4tzte Lesezeit":"3 Minuten"},"schema":{"@context":"https:\/\/schema.org","@graph":[{"@type":"WebPage","@id":"https:\/\/www.dachundgarten.com\/garten\/dachbegruenung\/","url":"https:\/\/www.dachundgarten.com\/garten\/dachbegruenung\/","name":"Dachbegr\u00fcnung und Gr\u00fcnd\u00e4cher - Langmann Dach & Garten","isPartOf":{"@id":"https:\/\/www.dachundgarten.com\/garten\/#website"},"datePublished":"2023-09-05T08:51:11+00:00","dateModified":"2023-09-06T06:59:11+00:00","description":"Verwandeln Sie Ihr Dach in eine gr\u00fcne Oase mit Langmann Garten! Entdecken Sie unsere Expertise in Dachbegr\u00fcnungen und Gr\u00fcnd\u00e4chern f\u00fcr nachhaltige, \u00e4sthetische L\u00f6sungen.","inLanguage":"de-AT","potentialAction":[{"@type":"ReadAction","target":["https:\/\/www.dachundgarten.com\/garten\/dachbegruenung\/"]}]},{"@type":"WebSite","@id":"https:\/\/www.dachundgarten.com\/garten\/#website","url":"https:\/\/www.dachundgarten.com\/garten\/","name":"Langmann Garten","description":"","potentialAction":[{"@type":"SearchAction","target":{"@type":"EntryPoint","urlTemplate":"https:\/\/www.dachundgarten.com\/garten\/?s={search_term_string}"},"query-input":{"@type":"PropertyValueSpecification","valueRequired":true,"valueName":"search_term_string"}}],"inLanguage":"de-AT"}]}},"_links":{"self":[{"href":"https:\/\/www.dachundgarten.com\/garten\/wp-json\/wp\/v2\/pages\/524","targetHints":{"allow":["GET"]}}],"collection":[{"href":"https:\/\/www.dachundgarten.com\/garten\/wp-json\/wp\/v2\/pages"}],"about":[{"href":"https:\/\/www.dachundgarten.com\/garten\/wp-json\/wp\/v2\/types\/page"}],"author":[{"embeddable":true,"href":"https:\/\/www.dachundgarten.com\/garten\/wp-json\/wp\/v2\/users\/1"}],"replies":[{"embeddable":true,"href":"https:\/\/www.dachundgarten.com\/garten\/wp-json\/wp\/v2\/comments?post=524"}],"version-history":[{"count":18,"href":"https:\/\/www.dachundgarten.com\/garten\/wp-json\/wp\/v2\/pages\/524\/revisions"}],"predecessor-version":[{"id":611,"href":"https:\/\/www.dachundgarten.com\/garten\/wp-json\/wp\/v2\/pages\/524\/revisions\/611"}],"wp:attachment":[{"href":"https:\/\/www.dachundgarten.com\/garten\/wp-json\/wp\/v2\/media?parent=524"}],"curies":[{"name":"wp","href":"https:\/\/api.w.org\/{rel}","templated":true}]}}