{"id":550,"date":"2023-09-05T11:12:46","date_gmt":"2023-09-05T09:12:46","guid":{"rendered":"https:\/\/preview.mediastyle.at\/langmann-garten\/?page_id=550"},"modified":"2023-09-06T15:25:23","modified_gmt":"2023-09-06T13:25:23","slug":"gartengestaltung-pflege","status":"publish","type":"page","link":"https:\/\/www.dachundgarten.com\/garten\/gartengestaltung-pflege\/","title":{"rendered":"Gartengestaltung &#038; Pflege"},"content":{"rendered":"[vc_row type=&#8220;full_width_background&#8220; full_screen_row_position=&#8220;middle&#8220; column_margin=&#8220;default&#8220; equal_height=&#8220;yes&#8220; content_placement=&#8220;top&#8220; column_direction=&#8220;default&#8220; column_direction_tablet=&#8220;default&#8220; column_direction_phone=&#8220;default&#8220; bg_color=&#8220;#165039&#8243; scene_position=&#8220;center&#8220; text_color=&#8220;dark&#8220; text_align=&#8220;left&#8220; row_border_radius=&#8220;none&#8220; row_border_radius_applies=&#8220;bg&#8220; overflow=&#8220;visible&#8220; overlay_strength=&#8220;0.3&#8243; gradient_direction=&#8220;left_to_right&#8220; shape_divider_position=&#8220;bottom&#8220; bg_image_animation=&#8220;none&#8220; gradient_type=&#8220;default&#8220; shape_type=&#8220;&#8220;][vc_column column_padding=&#8220;padding-20-percent&#8220; column_padding_tablet=&#8220;padding-10-percent&#8220; column_padding_phone=&#8220;padding-10-percent&#8220; column_padding_position=&#8220;top-bottom&#8220; column_element_direction_desktop=&#8220;default&#8220; column_element_spacing=&#8220;default&#8220; desktop_text_alignment=&#8220;default&#8220; tablet_text_alignment=&#8220;default&#8220; phone_text_alignment=&#8220;default&#8220; background_color_opacity=&#8220;1&#8243; background_hover_color_opacity=&#8220;1&#8243; column_backdrop_filter=&#8220;none&#8220; column_shadow=&#8220;none&#8220; column_border_radius=&#8220;none&#8220; column_link_target=&#8220;_self&#8220; column_position=&#8220;default&#8220; gradient_direction=&#8220;left_to_right&#8220; overlay_strength=&#8220;0.3&#8243; width=&#8220;1\/1&#8243; tablet_width_inherit=&#8220;default&#8220; animation_type=&#8220;default&#8220; bg_image_animation=&#8220;none&#8220; border_type=&#8220;simple&#8220; column_border_width=&#8220;none&#8220; column_border_style=&#8220;solid&#8220; column_padding_type=&#8220;default&#8220; gradient_type=&#8220;default&#8220;][vc_row_inner equal_height=&#8220;yes&#8220; content_placement=&#8220;top&#8220; column_margin=&#8220;default&#8220; column_direction=&#8220;default&#8220; column_direction_tablet=&#8220;default&#8220; column_direction_phone=&#8220;default&#8220; text_align=&#8220;left&#8220; row_position=&#8220;default&#8220; row_position_tablet=&#8220;inherit&#8220; row_position_phone=&#8220;inherit&#8220; overflow=&#8220;visible&#8220; pointer_events=&#8220;all&#8220;][vc_column_inner column_padding=&#8220;no-extra-padding&#8220; column_padding_tablet=&#8220;inherit&#8220; column_padding_phone=&#8220;inherit&#8220; column_padding_position=&#8220;all&#8220; column_element_direction_desktop=&#8220;default&#8220; column_element_spacing=&#8220;default&#8220; desktop_text_alignment=&#8220;default&#8220; tablet_text_alignment=&#8220;default&#8220; phone_text_alignment=&#8220;default&#8220; background_color_opacity=&#8220;1&#8243; background_hover_color_opacity=&#8220;1&#8243; column_backdrop_filter=&#8220;none&#8220; font_color=&#8220;#ffffff&#8220; column_shadow=&#8220;none&#8220; column_border_radius=&#8220;none&#8220; column_link_target=&#8220;_self&#8220; overflow=&#8220;visible&#8220; gradient_direction=&#8220;left_to_right&#8220; overlay_strength=&#8220;0.3&#8243; width=&#8220;1\/2&#8243; tablet_width_inherit=&#8220;default&#8220; animation_type=&#8220;default&#8220; bg_image_animation=&#8220;none&#8220; border_type=&#8220;simple&#8220; column_border_width=&#8220;none&#8220; column_border_style=&#8220;solid&#8220; column_padding_type=&#8220;default&#8220; gradient_type=&#8220;default&#8220;][nectar_highlighted_text scribble_color=&#8220;#ffffff&#8220; style=&#8220;scribble&#8220; scribble_shape=&#8220;basic-underline&#8220; scribble_thickness=&#8220;thick&#8220; scribble_speed=&#8220;1.3s&#8220; scribble_easing=&#8220;ease_in_out&#8220; disable_mobile_animation=&#8220;true&#8220; custom_font_size=&#8220;4vw&#8220; font_size_tablet=&#8220;38px&#8220; font_line_height=&#8220;1.2em&#8220;]\n<h1>F\u00fcr Ihre gr\u00fcne<br \/>\n<em>Wohlf\u00fchloase!<\/em><\/h1>\n[\/nectar_highlighted_text][divider line_type=&#8220;No Line&#8220; custom_height=&#8220;32px&#8220;][vc_column_text el_class=&#8220;white&#8220;]Ihr Garten ist Ihr ganz pers\u00f6nliches R\u00fcckzugsrefugium. Ein Ort zum Wohlf\u00fchlen und Entspannen. Damit Ihr Garten genau auf Ihre Pers\u00f6nlichkeit zugeschnitten ist, begleiten wir Sie von der individuellen Beratung vor Ort \u00fcber die pflegeleichte Gartenarchitektur bis hin zur richtigen Auswahl der Pflanzen \u2013 und gehen so St\u00fcck f\u00fcr St\u00fcck Ihres Gartenweges gemeinsam.<\/p>\n<p>Aber auch in Sachen Gartenpflege stimmen wir unsere Leistungen genau auf Ihre Bed\u00fcrfnisse ab. Rasenm\u00e4hen, Heckenschneiden, Beetpflege, saisonale Bepflanzung, Urlaubsbetreuung und vieles mehr \u2013 egal wie oft Sie unsere Hilfe in Anspruch nehmen wollen, <a href=\"https:\/\/www.dachundgarten.com\/garten\/kontakt\/#kontaktformular\"><u>wir erstellen f\u00fcr Sie gerne ein ma\u00dfgeschneidertes Angebot.<\/u><\/a>[\/vc_column_text][divider line_type=&#8220;No Line&#8220; custom_height=&#8220;0px&#8220; custom_height_tablet=&#8220;32px&#8220; custom_height_phone=&#8220;32px&#8220;][\/vc_column_inner][vc_column_inner column_padding=&#8220;no-extra-padding&#8220; column_padding_tablet=&#8220;inherit&#8220; column_padding_phone=&#8220;inherit&#8220; column_padding_position=&#8220;all&#8220; constrain_group_2=&#8220;yes&#8220; translate_y_tablet=&#8220;0&#8243; column_element_direction_desktop=&#8220;default&#8220; column_element_spacing=&#8220;default&#8220; desktop_text_alignment=&#8220;default&#8220; tablet_text_alignment=&#8220;default&#8220; phone_text_alignment=&#8220;default&#8220; background_color_opacity=&#8220;1&#8243; background_hover_color_opacity=&#8220;1&#8243; background_image=&#8220;492&#8243; background_image_position=&#8220;center bottom&#8220; background_image_stacking=&#8220;default&#8220; enable_bg_scale=&#8220;true&#8220; background_image_loading=&#8220;default&#8220; column_backdrop_filter=&#8220;none&#8220; column_shadow=&#8220;none&#8220; column_border_radius=&#8220;none&#8220; column_link_target=&#8220;_self&#8220; overflow=&#8220;visible&#8220; gradient_direction=&#8220;left_to_right&#8220; overlay_strength=&#8220;0.3&#8243; width=&#8220;1\/2&#8243; tablet_width_inherit=&#8220;default&#8220; animation_type=&#8220;default&#8220; enable_animation=&#8220;true&#8220; animation=&#8220;mask-reveal&#8220; animation_mask_direction=&#8220;left&#8220; animation_mask_shape=&#8220;circle&#8220; mobile_disable_entrance_animation=&#8220;true&#8220; animation_easing=&#8220;default&#8220; bg_image_animation=&#8220;none&#8220; border_type=&#8220;simple&#8220; column_border_width=&#8220;none&#8220; column_border_style=&#8220;solid&#8220; mask_enable=&#8220;true&#8220; mask_size=&#8220;contain&#8220; column_padding_type=&#8220;default&#8220; gradient_type=&#8220;default&#8220; delay=&#8220;1000&#8243;][divider line_type=&#8220;No Line&#8220; custom_height_tablet=&#8220;500px&#8220; custom_height_phone=&#8220;350px&#8220;][\/vc_column_inner][\/vc_row_inner][\/vc_column][\/vc_row][vc_row type=&#8220;full_width_background&#8220; full_screen_row_position=&#8220;middle&#8220; column_margin=&#8220;default&#8220; column_direction=&#8220;default&#8220; column_direction_tablet=&#8220;default&#8220; column_direction_phone=&#8220;default&#8220; bg_image=&#8220;551&#8243; bg_position=&#8220;center center&#8220; background_image_loading=&#8220;default&#8220; bg_repeat=&#8220;no-repeat&#8220; scene_position=&#8220;center&#8220; text_color=&#8220;dark&#8220; text_align=&#8220;left&#8220; row_border_radius=&#8220;none&#8220; row_border_radius_applies=&#8220;bg&#8220; overflow=&#8220;visible&#8220; overlay_strength=&#8220;0.3&#8243; gradient_direction=&#8220;left_to_right&#8220; shape_divider_position=&#8220;bottom&#8220; bg_image_animation=&#8220;none&#8220; gradient_type=&#8220;default&#8220; shape_type=&#8220;&#8220;][vc_column column_padding=&#8220;no-extra-padding&#8220; column_padding_tablet=&#8220;inherit&#8220; column_padding_phone=&#8220;inherit&#8220; column_padding_position=&#8220;all&#8220; column_element_direction_desktop=&#8220;default&#8220; column_element_spacing=&#8220;default&#8220; desktop_text_alignment=&#8220;default&#8220; tablet_text_alignment=&#8220;default&#8220; phone_text_alignment=&#8220;default&#8220; background_color_opacity=&#8220;1&#8243; background_hover_color_opacity=&#8220;1&#8243; column_backdrop_filter=&#8220;none&#8220; column_shadow=&#8220;none&#8220; column_border_radius=&#8220;none&#8220; column_link_target=&#8220;_self&#8220; column_position=&#8220;default&#8220; gradient_direction=&#8220;left_to_right&#8220; overlay_strength=&#8220;0.3&#8243; width=&#8220;1\/1&#8243; tablet_width_inherit=&#8220;default&#8220; animation_type=&#8220;default&#8220; bg_image_animation=&#8220;none&#8220; border_type=&#8220;simple&#8220; column_border_width=&#8220;none&#8220; column_border_style=&#8220;solid&#8220;][divider line_type=&#8220;No Line&#8220; custom_height=&#8220;800px&#8220; custom_height_tablet=&#8220;400px&#8220; custom_height_phone=&#8220;300px&#8220;][\/vc_column][\/vc_row]\n","protected":false},"excerpt":{"rendered":"<p>[vc_row type=&#8220;full_width_background&#8220; full_screen_row_position=&#8220;middle&#8220; column_margin=&#8220;default&#8220; equal_height=&#8220;yes&#8220; content_placement=&#8220;top&#8220; column_direction=&#8220;default&#8220; column_direction_tablet=&#8220;default&#8220; column_direction_phone=&#8220;default&#8220; bg_color=&#8220;#165039&#8243; scene_position=&#8220;center&#8220; text_color=&#8220;dark&#8220; text_align=&#8220;left&#8220; row_border_radius=&#8220;none&#8220; row_border_radius_applies=&#8220;bg&#8220; overflow=&#8220;visible&#8220; overlay_strength=&#8220;0.3&#8243; gradient_direction=&#8220;left_to_right&#8220; shape_divider_position=&#8220;bottom&#8220; bg_image_animation=&#8220;none&#8220; gradient_type=&#8220;default&#8220; shape_type=&#8220;&#8220;][vc_column column_padding=&#8220;padding-20-percent&#8220; column_padding_tablet=&#8220;padding-10-percent&#8220; column_padding_phone=&#8220;padding-10-percent&#8220; column_padding_position=&#8220;top-bottom&#8220; column_element_direction_desktop=&#8220;default&#8220; column_element_spacing=&#8220;default&#8220; desktop_text_alignment=&#8220;default&#8220; tablet_text_alignment=&#8220;default&#8220;&#8230;<\/p>\n","protected":false},"author":1,"featured_media":0,"parent":0,"menu_order":0,"comment_status":"closed","ping_status":"closed","template":"","meta":{"footnotes":""},"class_list":["post-550","page","type-page","status-publish"],"yoast_head":"<!-- This site is optimized with the Yoast SEO plugin v26.3 - https:\/\/yoast.com\/wordpress\/plugins\/seo\/ -->\n<title>Gartengestaltung &amp; Plfege - Gartenl\u00f6sungen - Langmann Garten<\/title>\n<meta name=\"description\" content=\"Vertrauen Sie auf Langmann Garten f\u00fcr professionelle Gartenpflege und ma\u00dfgeschneiderte Gartengestaltung, die Ihren Garten in ein gr\u00fcnes Paradies verwandeln.\" \/>\n<meta name=\"robots\" content=\"index, follow, max-snippet:-1, max-image-preview:large, max-video-preview:-1\" \/>\n<link rel=\"canonical\" href=\"https:\/\/www.dachundgarten.com\/garten\/gartengestaltung-pflege\/\" \/>\n<meta property=\"og:locale\" content=\"de_DE\" \/>\n<meta property=\"og:type\" content=\"article\" \/>\n<meta property=\"og:title\" content=\"Gartengestaltung &amp; Plfege - Gartenl\u00f6sungen - Langmann Garten\" \/>\n<meta property=\"og:description\" content=\"Vertrauen Sie auf Langmann Garten f\u00fcr professionelle Gartenpflege und ma\u00dfgeschneiderte Gartengestaltung, die Ihren Garten in ein gr\u00fcnes Paradies verwandeln.\" \/>\n<meta property=\"og:url\" content=\"https:\/\/www.dachundgarten.com\/garten\/gartengestaltung-pflege\/\" \/>\n<meta property=\"og:site_name\" content=\"Langmann Garten\" \/>\n<meta property=\"article:modified_time\" content=\"2023-09-06T13:25:23+00:00\" \/>\n<meta name=\"twitter:card\" content=\"summary_large_image\" \/>\n<meta name=\"twitter:label1\" content=\"Gesch\u00e4tzte Lesezeit\" \/>\n\t<meta name=\"twitter:data1\" content=\"2 Minuten\" \/>\n<script type=\"application\/ld+json\" class=\"yoast-schema-graph\">{\"@context\":\"https:\/\/schema.org\",\"@graph\":[{\"@type\":\"WebPage\",\"@id\":\"https:\/\/www.dachundgarten.com\/garten\/gartengestaltung-pflege\/\",\"url\":\"https:\/\/www.dachundgarten.com\/garten\/gartengestaltung-pflege\/\",\"name\":\"Gartengestaltung & Plfege - Gartenl\u00f6sungen - Langmann Garten\",\"isPartOf\":{\"@id\":\"https:\/\/www.dachundgarten.com\/garten\/#website\"},\"datePublished\":\"2023-09-05T09:12:46+00:00\",\"dateModified\":\"2023-09-06T13:25:23+00:00\",\"description\":\"Vertrauen Sie auf Langmann Garten f\u00fcr professionelle Gartenpflege und ma\u00dfgeschneiderte Gartengestaltung, die Ihren Garten in ein gr\u00fcnes Paradies verwandeln.\",\"inLanguage\":\"de-AT\",\"potentialAction\":[{\"@type\":\"ReadAction\",\"target\":[\"https:\/\/www.dachundgarten.com\/garten\/gartengestaltung-pflege\/\"]}]},{\"@type\":\"WebSite\",\"@id\":\"https:\/\/www.dachundgarten.com\/garten\/#website\",\"url\":\"https:\/\/www.dachundgarten.com\/garten\/\",\"name\":\"Langmann Garten\",\"description\":\"\",\"potentialAction\":[{\"@type\":\"SearchAction\",\"target\":{\"@type\":\"EntryPoint\",\"urlTemplate\":\"https:\/\/www.dachundgarten.com\/garten\/?s={search_term_string}\"},\"query-input\":{\"@type\":\"PropertyValueSpecification\",\"valueRequired\":true,\"valueName\":\"search_term_string\"}}],\"inLanguage\":\"de-AT\"}]}<\/script>\n<!-- \/ Yoast SEO plugin. -->","yoast_head_json":{"title":"Gartengestaltung & Plfege - Gartenl\u00f6sungen - Langmann Garten","description":"Vertrauen Sie auf Langmann Garten f\u00fcr professionelle Gartenpflege und ma\u00dfgeschneiderte Gartengestaltung, die Ihren Garten in ein gr\u00fcnes Paradies verwandeln.","robots":{"index":"index","follow":"follow","max-snippet":"max-snippet:-1","max-image-preview":"max-image-preview:large","max-video-preview":"max-video-preview:-1"},"canonical":"https:\/\/www.dachundgarten.com\/garten\/gartengestaltung-pflege\/","og_locale":"de_DE","og_type":"article","og_title":"Gartengestaltung & Plfege - Gartenl\u00f6sungen - Langmann Garten","og_description":"Vertrauen Sie auf Langmann Garten f\u00fcr professionelle Gartenpflege und ma\u00dfgeschneiderte Gartengestaltung, die Ihren Garten in ein gr\u00fcnes Paradies verwandeln.","og_url":"https:\/\/www.dachundgarten.com\/garten\/gartengestaltung-pflege\/","og_site_name":"Langmann Garten","article_modified_time":"2023-09-06T13:25:23+00:00","twitter_card":"summary_large_image","twitter_misc":{"Gesch\u00e4tzte Lesezeit":"2 Minuten"},"schema":{"@context":"https:\/\/schema.org","@graph":[{"@type":"WebPage","@id":"https:\/\/www.dachundgarten.com\/garten\/gartengestaltung-pflege\/","url":"https:\/\/www.dachundgarten.com\/garten\/gartengestaltung-pflege\/","name":"Gartengestaltung & Plfege - Gartenl\u00f6sungen - Langmann Garten","isPartOf":{"@id":"https:\/\/www.dachundgarten.com\/garten\/#website"},"datePublished":"2023-09-05T09:12:46+00:00","dateModified":"2023-09-06T13:25:23+00:00","description":"Vertrauen Sie auf Langmann Garten f\u00fcr professionelle Gartenpflege und ma\u00dfgeschneiderte Gartengestaltung, die Ihren Garten in ein gr\u00fcnes Paradies verwandeln.","inLanguage":"de-AT","potentialAction":[{"@type":"ReadAction","target":["https:\/\/www.dachundgarten.com\/garten\/gartengestaltung-pflege\/"]}]},{"@type":"WebSite","@id":"https:\/\/www.dachundgarten.com\/garten\/#website","url":"https:\/\/www.dachundgarten.com\/garten\/","name":"Langmann Garten","description":"","potentialAction":[{"@type":"SearchAction","target":{"@type":"EntryPoint","urlTemplate":"https:\/\/www.dachundgarten.com\/garten\/?s={search_term_string}"},"query-input":{"@type":"PropertyValueSpecification","valueRequired":true,"valueName":"search_term_string"}}],"inLanguage":"de-AT"}]}},"_links":{"self":[{"href":"https:\/\/www.dachundgarten.com\/garten\/wp-json\/wp\/v2\/pages\/550","targetHints":{"allow":["GET"]}}],"collection":[{"href":"https:\/\/www.dachundgarten.com\/garten\/wp-json\/wp\/v2\/pages"}],"about":[{"href":"https:\/\/www.dachundgarten.com\/garten\/wp-json\/wp\/v2\/types\/page"}],"author":[{"embeddable":true,"href":"https:\/\/www.dachundgarten.com\/garten\/wp-json\/wp\/v2\/users\/1"}],"replies":[{"embeddable":true,"href":"https:\/\/www.dachundgarten.com\/garten\/wp-json\/wp\/v2\/comments?post=550"}],"version-history":[{"count":4,"href":"https:\/\/www.dachundgarten.com\/garten\/wp-json\/wp\/v2\/pages\/550\/revisions"}],"predecessor-version":[{"id":637,"href":"https:\/\/www.dachundgarten.com\/garten\/wp-json\/wp\/v2\/pages\/550\/revisions\/637"}],"wp:attachment":[{"href":"https:\/\/www.dachundgarten.com\/garten\/wp-json\/wp\/v2\/media?parent=550"}],"curies":[{"name":"wp","href":"https:\/\/api.w.org\/{rel}","templated":true}]}}