{"id":586,"date":"2023-09-05T12:58:17","date_gmt":"2023-09-05T10:58:17","guid":{"rendered":"https:\/\/preview.mediastyle.at\/langmann-garten\/?page_id=586"},"modified":"2023-09-06T15:20:03","modified_gmt":"2023-09-06T13:20:03","slug":"impressum","status":"publish","type":"page","link":"https:\/\/www.dachundgarten.com\/garten\/impressum\/","title":{"rendered":"Impressum"},"content":{"rendered":"[vc_row type=&#8220;full_width_background&#8220; full_screen_row_position=&#8220;middle&#8220; column_margin=&#8220;default&#8220; column_direction=&#8220;default&#8220; column_direction_tablet=&#8220;default&#8220; column_direction_phone=&#8220;default&#8220; bg_color=&#8220;#165039&#8243; scene_position=&#8220;center&#8220; text_color=&#8220;dark&#8220; text_align=&#8220;left&#8220; row_border_radius=&#8220;none&#8220; row_border_radius_applies=&#8220;bg&#8220; overflow=&#8220;visible&#8220; overlay_strength=&#8220;0.3&#8243; gradient_direction=&#8220;left_to_right&#8220; shape_divider_position=&#8220;bottom&#8220; bg_image_animation=&#8220;none&#8220; gradient_type=&#8220;default&#8220; shape_type=&#8220;&#8220;][vc_column column_padding=&#8220;padding-20-percent&#8220; column_padding_tablet=&#8220;padding-10-percent&#8220; column_padding_phone=&#8220;padding-10-percent&#8220; column_padding_position=&#8220;top-bottom&#8220; bottom_margin=&#8220;-100px&#8220; bottom_margin_tablet=&#8220;0&#8243; column_element_direction_desktop=&#8220;default&#8220; column_element_spacing=&#8220;default&#8220; desktop_text_alignment=&#8220;default&#8220; tablet_text_alignment=&#8220;default&#8220; phone_text_alignment=&#8220;default&#8220; background_color_opacity=&#8220;1&#8243; background_hover_color_opacity=&#8220;1&#8243; column_backdrop_filter=&#8220;none&#8220; font_color=&#8220;#ffffff&#8220; column_shadow=&#8220;none&#8220; column_border_radius=&#8220;none&#8220; column_link_target=&#8220;_self&#8220; column_position=&#8220;default&#8220; gradient_direction=&#8220;left_to_right&#8220; overlay_strength=&#8220;0.3&#8243; width=&#8220;1\/1&#8243; tablet_width_inherit=&#8220;default&#8220; animation_type=&#8220;default&#8220; bg_image_animation=&#8220;none&#8220; border_type=&#8220;simple&#8220; column_border_width=&#8220;none&#8220; column_border_style=&#8220;solid&#8220; column_padding_type=&#8220;default&#8220; gradient_type=&#8220;default&#8220;][vc_row_inner equal_height=&#8220;yes&#8220; content_placement=&#8220;middle&#8220; column_margin=&#8220;default&#8220; column_direction=&#8220;default&#8220; column_direction_tablet=&#8220;default&#8220; column_direction_phone=&#8220;default&#8220; text_align=&#8220;left&#8220; row_position=&#8220;default&#8220; row_position_tablet=&#8220;inherit&#8220; row_position_phone=&#8220;inherit&#8220; overflow=&#8220;visible&#8220; pointer_events=&#8220;all&#8220;][vc_column_inner column_padding=&#8220;no-extra-padding&#8220; column_padding_tablet=&#8220;inherit&#8220; column_padding_phone=&#8220;inherit&#8220; column_padding_position=&#8220;all&#8220; column_element_direction_desktop=&#8220;default&#8220; column_element_spacing=&#8220;default&#8220; desktop_text_alignment=&#8220;default&#8220; tablet_text_alignment=&#8220;default&#8220; phone_text_alignment=&#8220;default&#8220; background_color_opacity=&#8220;1&#8243; background_hover_color_opacity=&#8220;1&#8243; column_backdrop_filter=&#8220;none&#8220; font_color=&#8220;#ffffff&#8220; column_shadow=&#8220;none&#8220; column_border_radius=&#8220;none&#8220; column_link_target=&#8220;_self&#8220; overflow=&#8220;visible&#8220; gradient_direction=&#8220;left_to_right&#8220; overlay_strength=&#8220;0.3&#8243; width=&#8220;1\/1&#8243; tablet_width_inherit=&#8220;default&#8220; animation_type=&#8220;default&#8220; bg_image_animation=&#8220;none&#8220; border_type=&#8220;simple&#8220; column_border_width=&#8220;none&#8220; column_border_style=&#8220;solid&#8220; column_padding_type=&#8220;default&#8220; gradient_type=&#8220;default&#8220;][nectar_highlighted_text scribble_color=&#8220;#ffffff&#8220; style=&#8220;scribble&#8220; scribble_shape=&#8220;basic-underline&#8220; scribble_thickness=&#8220;thick&#8220; scribble_speed=&#8220;1.3s&#8220; scribble_easing=&#8220;ease_in_out&#8220; disable_mobile_animation=&#8220;true&#8220; custom_font_size=&#8220;4vw&#8220; font_size_tablet=&#8220;38px&#8220; font_line_height=&#8220;1.2em&#8220;]\n<h1><em>Impressum<\/em><\/h1>\n[\/nectar_highlighted_text][divider line_type=&#8220;No Line&#8220; custom_height=&#8220;50px&#8220;][vc_column_text el_class=&#8220;white&#8220;]\n<h3>Kontakt<\/h3>\n<p>Langmann Dach GmbH<br \/>\n3061 Unterwolfsbach<br \/>\n\u00d6sterreich<\/p>\n<p><strong>Tel:<\/strong> <a href=\"tel:+436767135728\">+43 676 713 57 28<\/a><br \/>\n<strong>Mail:<\/strong> <a href=\"mailto:office@dachundgarten.com\">office@dachundgarten.com<\/a><br \/>\n<strong>Firmenbuchnummer:<\/strong> 594838m<br \/>\n<strong>Firmenbuchgericht:<\/strong>\u00a0Landesgericht St. P\u00f6lten<br \/>\n<strong>UID-Nummer:<\/strong> ATU78853858<br \/>\n<strong>Kammer:<\/strong>\u00a0WKN\u00d6<br \/>\n<strong>Aufsichtsbeh\u00f6rde:<\/strong>Bezirkshauptmannschaft Sankt P\u00f6lten (Land)<strong><br \/>\nSparte:<\/strong> G\u00e4rtner verbunden mit Florist (verbundenes Handwerk)<br \/>\n<strong>Berufs- und gewerberechtliche Vorschriften:<\/strong>\u00a0Gewerbeordnung abrufbar unter:\u00a0<a title=\"ris.bka.gv.at\" href=\"https:\/\/www.ris.bka.gv.at\/\" target=\"_blank\" rel=\"noopener noreferrer\">ris.bka.gv.at<\/a><br \/>\n<strong>Hinweis AStG:<\/strong>\u00a0Schlichtung f\u00fcr Verbrauchergesch\u00e4fte (<a href=\"https:\/\/www.oesterreich.gv.at\/themen\/leben_in_oesterreich\/ombudsstellen_und_anwaltschaften\/Seite.3240015.html\" target=\"_blank\" rel=\"noopener\">Link<\/a>)<br \/>\n<strong>Verordnung \u00fcber Online-Streitbeilegung in Verbraucherangelegenheiten:\u00a0<\/strong>abrufbar unter\u00a0<a title=\"ec.europa.eu\/consumers\/odr\" href=\"https:\/\/ec.europa.eu\/consumers\/odr\" target=\"_blank\" rel=\"noopener noreferrer\">ec.europa.eu\/consumers\/odr\/<\/a><\/p>\n<h3>Grundlegende Richtung<\/h3>\n<p>Die vorliegende Website ist ein Online-Angebot im Internet. Unter dieser Web-Adresse und allf\u00e4lliger Subdomains werden umfangreiche Informations- und Onlinedienste zu Produkten und Leistungen unseres Unternehmens bereitgestellt.<\/p>\n<h3>Rechtliche Hinweise<\/h3>\n<p>Die Gesch\u00e4ftsf\u00fchrung von Langmann Dach GmbH pr\u00fcft und aktualisiert in steter Permanenz die auf dieser Webseite zur Verf\u00fcgung gestellten Informationen. Trotz aller Sorgfalt k\u00f6nnen sich die Daten inzwischen ver\u00e4ndert haben. Eine Haftung oder Garantie f\u00fcr Aktualit\u00e4t, Richtigkeit und Vollst\u00e4ndigkeit der zur Verf\u00fcgung gestellten Informationen wird daher nicht \u00fcbernommen. Die Gesch\u00e4ftsf\u00fchrung von Langmann Dach GmbH ist f\u00fcr den Inhalt sowie die Richtigkeit und Vollst\u00e4ndigkeit auf verlinkte bzw. verwiesene Website nicht verantwortlich.<\/p>\n<h3>Urheberrechtshinweis<\/h3>\n<p>Alle Inhalte dieser Website (Bilder, Videos, Fotos, Texte) unterliegen dem Urheberrecht. Falls notwendig, werden wir die unerlaubte Nutzung von Teilen der Inhalte unserer Website rechtlich verfolgen.<\/p>\n<h3>Design &amp; Entwicklung<\/h3>\n<p>Werbeagentur mediaStyle<br \/>\nTrewaldstra\u00dfe 1<br \/>\nA-3370 Ybbs<br \/>\n<a href=\"mailto:office@mediastyle.at\">office@mediastyle.at<\/a><br \/>\n<a href=\"https:\/\/www.mediastyle.at\/\" target=\"_blank\" rel=\"noopener\">www.mediastyle.at<\/a>[\/vc_column_text][\/vc_column_inner][\/vc_row_inner][\/vc_column][\/vc_row]\n","protected":false},"excerpt":{"rendered":"<p>[vc_row type=&#8220;full_width_background&#8220; full_screen_row_position=&#8220;middle&#8220; column_margin=&#8220;default&#8220; column_direction=&#8220;default&#8220; column_direction_tablet=&#8220;default&#8220; column_direction_phone=&#8220;default&#8220; bg_color=&#8220;#165039&#8243; scene_position=&#8220;center&#8220; text_color=&#8220;dark&#8220; text_align=&#8220;left&#8220; row_border_radius=&#8220;none&#8220; row_border_radius_applies=&#8220;bg&#8220; overflow=&#8220;visible&#8220; overlay_strength=&#8220;0.3&#8243; gradient_direction=&#8220;left_to_right&#8220; shape_divider_position=&#8220;bottom&#8220; bg_image_animation=&#8220;none&#8220; gradient_type=&#8220;default&#8220; shape_type=&#8220;&#8220;][vc_column column_padding=&#8220;padding-20-percent&#8220; column_padding_tablet=&#8220;padding-10-percent&#8220; column_padding_phone=&#8220;padding-10-percent&#8220; column_padding_position=&#8220;top-bottom&#8220; bottom_margin=&#8220;-100px&#8220; bottom_margin_tablet=&#8220;0&#8243; column_element_direction_desktop=&#8220;default&#8220; column_element_spacing=&#8220;default&#8220; desktop_text_alignment=&#8220;default&#8220; tablet_text_alignment=&#8220;default&#8220;&#8230;<\/p>\n","protected":false},"author":1,"featured_media":0,"parent":0,"menu_order":0,"comment_status":"closed","ping_status":"closed","template":"","meta":{"footnotes":""},"class_list":["post-586","page","type-page","status-publish"],"yoast_head":"<!-- This site is optimized with the Yoast SEO plugin v26.3 - https:\/\/yoast.com\/wordpress\/plugins\/seo\/ -->\n<title>Impressum - Langmann Dach &amp; Garten<\/title>\n<meta name=\"robots\" content=\"noindex, follow\" \/>\n<meta property=\"og:locale\" content=\"de_DE\" \/>\n<meta property=\"og:type\" content=\"article\" \/>\n<meta property=\"og:title\" content=\"Impressum - Langmann Dach &amp; Garten\" \/>\n<meta property=\"og:description\" content=\"[vc_row type=&#8220;full_width_background&#8220; full_screen_row_position=&#8220;middle&#8220; column_margin=&#8220;default&#8220; column_direction=&#8220;default&#8220; column_direction_tablet=&#8220;default&#8220; column_direction_phone=&#8220;default&#8220; bg_color=&#8220;#165039&#8243; scene_position=&#8220;center&#8220; text_color=&#8220;dark&#8220; text_align=&#8220;left&#8220; row_border_radius=&#8220;none&#8220; row_border_radius_applies=&#8220;bg&#8220; overflow=&#8220;visible&#8220; overlay_strength=&#8220;0.3&#8243; gradient_direction=&#8220;left_to_right&#8220; shape_divider_position=&#8220;bottom&#8220; bg_image_animation=&#8220;none&#8220; gradient_type=&#8220;default&#8220; shape_type=&#8220;&#8220;][vc_column column_padding=&#8220;padding-20-percent&#8220; column_padding_tablet=&#8220;padding-10-percent&#8220; column_padding_phone=&#8220;padding-10-percent&#8220; column_padding_position=&#8220;top-bottom&#8220; bottom_margin=&#8220;-100px&#8220; bottom_margin_tablet=&#8220;0&#8243; column_element_direction_desktop=&#8220;default&#8220; column_element_spacing=&#8220;default&#8220; desktop_text_alignment=&#8220;default&#8220; tablet_text_alignment=&#8220;default&#8220;...\" \/>\n<meta property=\"og:url\" content=\"https:\/\/www.dachundgarten.com\/garten\/impressum\/\" \/>\n<meta property=\"og:site_name\" content=\"Langmann Garten\" \/>\n<meta property=\"article:modified_time\" content=\"2023-09-06T13:20:03+00:00\" \/>\n<meta name=\"twitter:card\" content=\"summary_large_image\" \/>\n<meta name=\"twitter:label1\" content=\"Gesch\u00e4tzte Lesezeit\" \/>\n\t<meta name=\"twitter:data1\" content=\"2 Minuten\" \/>\n<script type=\"application\/ld+json\" class=\"yoast-schema-graph\">{\"@context\":\"https:\/\/schema.org\",\"@graph\":[{\"@type\":\"WebPage\",\"@id\":\"https:\/\/www.dachundgarten.com\/garten\/impressum\/\",\"url\":\"https:\/\/www.dachundgarten.com\/garten\/impressum\/\",\"name\":\"Impressum - Langmann Dach & Garten\",\"isPartOf\":{\"@id\":\"https:\/\/www.dachundgarten.com\/garten\/#website\"},\"datePublished\":\"2023-09-05T10:58:17+00:00\",\"dateModified\":\"2023-09-06T13:20:03+00:00\",\"inLanguage\":\"de-AT\",\"potentialAction\":[{\"@type\":\"ReadAction\",\"target\":[\"https:\/\/www.dachundgarten.com\/garten\/impressum\/\"]}]},{\"@type\":\"WebSite\",\"@id\":\"https:\/\/www.dachundgarten.com\/garten\/#website\",\"url\":\"https:\/\/www.dachundgarten.com\/garten\/\",\"name\":\"Langmann Garten\",\"description\":\"\",\"potentialAction\":[{\"@type\":\"SearchAction\",\"target\":{\"@type\":\"EntryPoint\",\"urlTemplate\":\"https:\/\/www.dachundgarten.com\/garten\/?s={search_term_string}\"},\"query-input\":{\"@type\":\"PropertyValueSpecification\",\"valueRequired\":true,\"valueName\":\"search_term_string\"}}],\"inLanguage\":\"de-AT\"}]}<\/script>\n<!-- \/ Yoast SEO plugin. -->","yoast_head_json":{"title":"Impressum - Langmann Dach & Garten","robots":{"index":"noindex","follow":"follow"},"og_locale":"de_DE","og_type":"article","og_title":"Impressum - Langmann Dach & Garten","og_description":"[vc_row type=&#8220;full_width_background&#8220; full_screen_row_position=&#8220;middle&#8220; column_margin=&#8220;default&#8220; column_direction=&#8220;default&#8220; column_direction_tablet=&#8220;default&#8220; column_direction_phone=&#8220;default&#8220; bg_color=&#8220;#165039&#8243; scene_position=&#8220;center&#8220; text_color=&#8220;dark&#8220; text_align=&#8220;left&#8220; row_border_radius=&#8220;none&#8220; row_border_radius_applies=&#8220;bg&#8220; overflow=&#8220;visible&#8220; overlay_strength=&#8220;0.3&#8243; gradient_direction=&#8220;left_to_right&#8220; shape_divider_position=&#8220;bottom&#8220; bg_image_animation=&#8220;none&#8220; gradient_type=&#8220;default&#8220; shape_type=&#8220;&#8220;][vc_column column_padding=&#8220;padding-20-percent&#8220; column_padding_tablet=&#8220;padding-10-percent&#8220; column_padding_phone=&#8220;padding-10-percent&#8220; column_padding_position=&#8220;top-bottom&#8220; bottom_margin=&#8220;-100px&#8220; bottom_margin_tablet=&#8220;0&#8243; column_element_direction_desktop=&#8220;default&#8220; column_element_spacing=&#8220;default&#8220; desktop_text_alignment=&#8220;default&#8220; tablet_text_alignment=&#8220;default&#8220;...","og_url":"https:\/\/www.dachundgarten.com\/garten\/impressum\/","og_site_name":"Langmann Garten","article_modified_time":"2023-09-06T13:20:03+00:00","twitter_card":"summary_large_image","twitter_misc":{"Gesch\u00e4tzte Lesezeit":"2 Minuten"},"schema":{"@context":"https:\/\/schema.org","@graph":[{"@type":"WebPage","@id":"https:\/\/www.dachundgarten.com\/garten\/impressum\/","url":"https:\/\/www.dachundgarten.com\/garten\/impressum\/","name":"Impressum - Langmann Dach & Garten","isPartOf":{"@id":"https:\/\/www.dachundgarten.com\/garten\/#website"},"datePublished":"2023-09-05T10:58:17+00:00","dateModified":"2023-09-06T13:20:03+00:00","inLanguage":"de-AT","potentialAction":[{"@type":"ReadAction","target":["https:\/\/www.dachundgarten.com\/garten\/impressum\/"]}]},{"@type":"WebSite","@id":"https:\/\/www.dachundgarten.com\/garten\/#website","url":"https:\/\/www.dachundgarten.com\/garten\/","name":"Langmann Garten","description":"","potentialAction":[{"@type":"SearchAction","target":{"@type":"EntryPoint","urlTemplate":"https:\/\/www.dachundgarten.com\/garten\/?s={search_term_string}"},"query-input":{"@type":"PropertyValueSpecification","valueRequired":true,"valueName":"search_term_string"}}],"inLanguage":"de-AT"}]}},"_links":{"self":[{"href":"https:\/\/www.dachundgarten.com\/garten\/wp-json\/wp\/v2\/pages\/586","targetHints":{"allow":["GET"]}}],"collection":[{"href":"https:\/\/www.dachundgarten.com\/garten\/wp-json\/wp\/v2\/pages"}],"about":[{"href":"https:\/\/www.dachundgarten.com\/garten\/wp-json\/wp\/v2\/types\/page"}],"author":[{"embeddable":true,"href":"https:\/\/www.dachundgarten.com\/garten\/wp-json\/wp\/v2\/users\/1"}],"replies":[{"embeddable":true,"href":"https:\/\/www.dachundgarten.com\/garten\/wp-json\/wp\/v2\/comments?post=586"}],"version-history":[{"count":5,"href":"https:\/\/www.dachundgarten.com\/garten\/wp-json\/wp\/v2\/pages\/586\/revisions"}],"predecessor-version":[{"id":635,"href":"https:\/\/www.dachundgarten.com\/garten\/wp-json\/wp\/v2\/pages\/586\/revisions\/635"}],"wp:attachment":[{"href":"https:\/\/www.dachundgarten.com\/garten\/wp-json\/wp\/v2\/media?parent=586"}],"curies":[{"name":"wp","href":"https:\/\/api.w.org\/{rel}","templated":true}]}}