{"id":591,"date":"2023-09-05T13:01:35","date_gmt":"2023-09-05T11:01:35","guid":{"rendered":"https:\/\/preview.mediastyle.at\/langmann-garten\/?page_id=591"},"modified":"2023-09-20T14:21:21","modified_gmt":"2023-09-20T12:21:21","slug":"datenschutzerklaerung","status":"publish","type":"page","link":"https:\/\/www.dachundgarten.com\/garten\/datenschutzerklaerung\/","title":{"rendered":"Datenschutzerkl\u00e4rung"},"content":{"rendered":"[vc_row type=&#8220;full_width_background&#8220; full_screen_row_position=&#8220;middle&#8220; column_margin=&#8220;default&#8220; column_direction=&#8220;default&#8220; column_direction_tablet=&#8220;default&#8220; column_direction_phone=&#8220;default&#8220; bg_color=&#8220;#165039&#8243; scene_position=&#8220;center&#8220; text_color=&#8220;dark&#8220; text_align=&#8220;left&#8220; row_border_radius=&#8220;none&#8220; row_border_radius_applies=&#8220;bg&#8220; overflow=&#8220;visible&#8220; overlay_strength=&#8220;0.3&#8243; gradient_direction=&#8220;left_to_right&#8220; shape_divider_position=&#8220;bottom&#8220; bg_image_animation=&#8220;none&#8220; gradient_type=&#8220;default&#8220; shape_type=&#8220;&#8220;][vc_column column_padding=&#8220;padding-20-percent&#8220; column_padding_tablet=&#8220;padding-10-percent&#8220; column_padding_phone=&#8220;padding-10-percent&#8220; column_padding_position=&#8220;top-bottom&#8220; bottom_margin=&#8220;-100px&#8220; bottom_margin_tablet=&#8220;0&#8243; column_element_direction_desktop=&#8220;default&#8220; column_element_spacing=&#8220;default&#8220; desktop_text_alignment=&#8220;default&#8220; tablet_text_alignment=&#8220;default&#8220; phone_text_alignment=&#8220;default&#8220; background_color_opacity=&#8220;1&#8243; background_hover_color_opacity=&#8220;1&#8243; column_backdrop_filter=&#8220;none&#8220; column_shadow=&#8220;none&#8220; column_border_radius=&#8220;none&#8220; column_link_target=&#8220;_self&#8220; column_position=&#8220;default&#8220; gradient_direction=&#8220;left_to_right&#8220; overlay_strength=&#8220;0.3&#8243; width=&#8220;1\/1&#8243; tablet_width_inherit=&#8220;default&#8220; animation_type=&#8220;default&#8220; bg_image_animation=&#8220;none&#8220; border_type=&#8220;simple&#8220; column_border_width=&#8220;none&#8220; column_border_style=&#8220;solid&#8220; column_padding_type=&#8220;default&#8220; gradient_type=&#8220;default&#8220;][vc_row_inner equal_height=&#8220;yes&#8220; content_placement=&#8220;middle&#8220; column_margin=&#8220;default&#8220; column_direction=&#8220;default&#8220; column_direction_tablet=&#8220;default&#8220; column_direction_phone=&#8220;default&#8220; text_align=&#8220;left&#8220; row_position=&#8220;default&#8220; row_position_tablet=&#8220;inherit&#8220; row_position_phone=&#8220;inherit&#8220; overflow=&#8220;visible&#8220; pointer_events=&#8220;all&#8220;][vc_column_inner column_padding=&#8220;no-extra-padding&#8220; column_padding_tablet=&#8220;inherit&#8220; column_padding_phone=&#8220;inherit&#8220; column_padding_position=&#8220;all&#8220; column_element_direction_desktop=&#8220;default&#8220; column_element_spacing=&#8220;default&#8220; desktop_text_alignment=&#8220;default&#8220; tablet_text_alignment=&#8220;default&#8220; phone_text_alignment=&#8220;default&#8220; background_color_opacity=&#8220;1&#8243; background_hover_color_opacity=&#8220;1&#8243; column_backdrop_filter=&#8220;none&#8220; font_color=&#8220;#ffffff&#8220; column_shadow=&#8220;none&#8220; column_border_radius=&#8220;none&#8220; column_link_target=&#8220;_self&#8220; overflow=&#8220;visible&#8220; gradient_direction=&#8220;left_to_right&#8220; overlay_strength=&#8220;0.3&#8243; width=&#8220;1\/1&#8243; tablet_width_inherit=&#8220;default&#8220; animation_type=&#8220;default&#8220; bg_image_animation=&#8220;none&#8220; border_type=&#8220;simple&#8220; column_border_width=&#8220;none&#8220; column_border_style=&#8220;solid&#8220; column_padding_type=&#8220;default&#8220; gradient_type=&#8220;default&#8220;][nectar_highlighted_text scribble_color=&#8220;#ffffff&#8220; style=&#8220;scribble&#8220; scribble_shape=&#8220;basic-underline&#8220; scribble_thickness=&#8220;thick&#8220; scribble_speed=&#8220;1.3s&#8220; scribble_easing=&#8220;ease_in_out&#8220; disable_mobile_animation=&#8220;true&#8220; custom_font_size=&#8220;4vw&#8220; font_size_tablet=&#8220;38px&#8220; font_line_height=&#8220;1.2em&#8220;]\n<h1><em>Datenschutz<\/em><\/h1>\n[\/nectar_highlighted_text][divider line_type=&#8220;No Line&#8220; custom_height=&#8220;50px&#8220;][vc_column_text el_class=&#8220;white&#8220;]\n<h3>Kontakt mit uns<\/h3>\n<p>Wenn Sie per E-Mail oder Kontaktformular mit uns Kontakt aufnehmen, werden Ihre angegebenen Daten nur f\u00fcr den Zweck der Bearbeitung Ihrer Anfrage und f\u00fcr den Fall von Anschlussfragen bei uns gespeichert.<\/p>\n<h3>Server-Log Files<\/h3>\n<p>Unser Webhoster verarbeitet Ihre IP-Adresse beim Aufruf unserer Website, damit Ihnen die Website angezeigt werden kann. Dabei werden folgende Informationen automatisch erfasst:<\/p>\n<ul>\n<li>Browsertyp und Browserversion<\/li>\n<li>verwendetes Betriebssystem<\/li>\n<li>Referrer URL<\/li>\n<li>Hostname des zugreifenden Rechners<\/li>\n<li>Uhrzeit der Serveranfrage<\/li>\n<li>IP Adresse<\/li>\n<\/ul>\n<p>Eine Zusammenf\u00fchrung dieser Daten mit anderen Datenquellen wird nicht vorgenommen. Die Speicherdauer betr\u00e4gt 14 Tage. Wir behalten uns vor, diese Daten nachtr\u00e4glich zu pr\u00fcfen, wenn uns konkrete Anhaltspunkte f\u00fcr eine rechtswidrige Nutzung bekannt werden.<\/p>\n<h3>Eingebettete Inhalte von anderen Websites<\/h3>\n<p>Auf dieser Website k\u00f6nnen eingebettete Inhalte wie<\/p>\n<ul>\n<li>Videos<\/li>\n<li>Bilder<\/li>\n<li>Beitr\u00e4ge, vorkommen.<\/li>\n<\/ul>\n<p>Eingebettete Inhalte von anderen Websites k\u00f6nnen Daten (Cookies etc.) \u00fcber Sie sammeln wie z.B. die Aufzeichnung der Interaktion mit dem eingebetteten Inhalt.<\/p>\n<h3>Eingebettete Inhalte von Meta-Plattformen (z. B. Facebook, Instagram)<\/h3>\n<p>Unsere Website kann eingebettete Inhalte von Meta-Plattformen wie Facebook oder Instagram enthalten. Beim Besuch unserer Website k\u00f6nnen Daten von Ihnen an Meta \u00fcbertragen werden, einschlie\u00dflich, aber nicht beschr\u00e4nkt auf technische Informationen wie Ihre IP-Adresse, Browserinformationen und Cookies. Diese Daten\u00fcbertragung erfolgt, um die Anzeige von Social-Media-Inhalten auf unserer Website zu erm\u00f6glichen und\/oder um statistische Informationen \u00fcber die Nutzung dieser eingebetteten Inhalte zu sammeln.<\/p>\n<p>Bitte beachten Sie, dass wir keinen direkten Einfluss auf die Datenverarbeitung durch Meta haben. Die Verwendung von Cookies und die Erfassung von Daten durch Meta unterliegen den Datenschutzrichtlinien von Meta. Weitere Informationen zu diesen Datenschutzrichtlinien finden Sie auf der <a href=\"https:\/\/www.facebook.com\/privacy\/policy\/\">https:\/\/www.meta.com\/policies\/privacy<\/a><\/p>\n<p>Sie haben die M\u00f6glichkeit, Ihre Datenschutzeinstellungen auf den Meta-Plattformen nach Ihren W\u00fcnschen anzupassen, um die Erfassung und Verwendung Ihrer Daten zu kontrollieren.<\/p>\n<p>Opt-Out: <a href=\"#\" class=\"borlabs-cookie-preference\">Anpassung meiner Cookie-Einstellungen<\/a>\n<p>Die Nutzung von eingebetteten Inhalten von Meta-Plattformen kann die Zustimmung zur Datenverarbeitung gem\u00e4\u00df den Datenschutzrichtlinien von Meta erfordern.<\/p>\n<p>Wenn Sie Fragen oder Bedenken zum Datenschutz haben oder weitere Informationen w\u00fcnschen, kontaktieren Sie uns.<\/p>\n<h3>Google reCaptcha<\/h3>\n<p>Wir verwenden Google reCaptcha um Bots oder SPAM-Software zu identifizieren. Damit erh\u00f6hen wir die Sicherheit sowie Benutzerfreundlichkeit f\u00fcr alle Websitebesucher:innen. Google reCaptcha sammelt personenbezogene Daten um festzustellen, ob Sie ein Mensch oder Bot sind. Mehr zu diesem Thema und weitere Fragen finden Sie unter:<a href=\"https:\/\/developers.google.com\/recaptcha\/docs\/faq\" target=\"_blank\" rel=\"noopener\">\u00a0https:\/\/developers.google.com\/recaptcha\/docs\/faq<\/a><\/p>\n<h3>Google Maps<\/h3>\n<p>Diese Webseite verwendet Google Maps f\u00fcr die Darstellung von Karteninformationen. Bei der Nutzung von Google Maps werden von Google auch Daten \u00fcber die Nutzung der Maps-Funktionen durch Besucher der Webseiten erhoben, verarbeitet und genutzt. N\u00e4here Informationen \u00fcber die Datenverarbeitung durch Google k\u00f6nnen Sie den Datenschutzhinweisen von Google auf\u00a0<a href=\"https:\/\/www.google.at\/intl\/de\/policies\/privacy\/\">https:\/\/www.google.at\/intl\/de\/policies\/privacy\/\u00a0<\/a>\u00a0entnehmen. Dort k\u00f6nnen Sie im Datenschutzcenter auch Ihre Einstellungen ver\u00e4ndern, so dass Sie Ihre Daten verwalten und sch\u00fctzen k\u00f6nnen.<\/p>\n<h3>Ihre Rechte<\/h3>\n<p>Ihnen stehen grunds\u00e4tzlich die Rechte auf Auskunft, Berichtigung, L\u00f6schung, Einschr\u00e4nkung, Daten\u00fcbertragbarkeit, Widerruf und Widerspruch zu. Wenn Sie glauben, dass die Verarbeitung Ihrer Daten gegen das Datenschutzrecht verst\u00f6\u00dft oder Ihre datenschutzrechtlichen Anspr\u00fcche sonst in einer Weise verletzt worden sind, k\u00f6nnen Sie direkt mit uns in Kontakt treten, oder eine Beschwerde bei einer anerkannten Aufsichtsbeh\u00f6rde vorbringen. In \u00d6sterreich ist dies die Datenschutzbeh\u00f6rde.[\/vc_column_text][\/vc_column_inner][\/vc_row_inner][\/vc_column][\/vc_row]\n","protected":false},"excerpt":{"rendered":"<p>[vc_row type=&#8220;full_width_background&#8220; full_screen_row_position=&#8220;middle&#8220; column_margin=&#8220;default&#8220; column_direction=&#8220;default&#8220; column_direction_tablet=&#8220;default&#8220; column_direction_phone=&#8220;default&#8220; bg_color=&#8220;#165039&#8243; scene_position=&#8220;center&#8220; text_color=&#8220;dark&#8220; text_align=&#8220;left&#8220; row_border_radius=&#8220;none&#8220; row_border_radius_applies=&#8220;bg&#8220; overflow=&#8220;visible&#8220; overlay_strength=&#8220;0.3&#8243; gradient_direction=&#8220;left_to_right&#8220; shape_divider_position=&#8220;bottom&#8220; bg_image_animation=&#8220;none&#8220; gradient_type=&#8220;default&#8220; shape_type=&#8220;&#8220;][vc_column column_padding=&#8220;padding-20-percent&#8220; column_padding_tablet=&#8220;padding-10-percent&#8220; column_padding_phone=&#8220;padding-10-percent&#8220; column_padding_position=&#8220;top-bottom&#8220; bottom_margin=&#8220;-100px&#8220; bottom_margin_tablet=&#8220;0&#8243; column_element_direction_desktop=&#8220;default&#8220; column_element_spacing=&#8220;default&#8220; desktop_text_alignment=&#8220;default&#8220; tablet_text_alignment=&#8220;default&#8220;&#8230;<\/p>\n","protected":false},"author":1,"featured_media":0,"parent":0,"menu_order":0,"comment_status":"closed","ping_status":"closed","template":"","meta":{"footnotes":""},"class_list":["post-591","page","type-page","status-publish"],"yoast_head":"<!-- This site is optimized with the Yoast SEO plugin v26.3 - https:\/\/yoast.com\/wordpress\/plugins\/seo\/ -->\n<title>Datenschutzerkl\u00e4rung - Langmann Garten<\/title>\n<meta name=\"robots\" content=\"noindex, follow\" \/>\n<meta property=\"og:locale\" content=\"de_DE\" \/>\n<meta property=\"og:type\" content=\"article\" \/>\n<meta property=\"og:title\" content=\"Datenschutzerkl\u00e4rung - Langmann Garten\" \/>\n<meta property=\"og:description\" content=\"[vc_row type=&#8220;full_width_background&#8220; full_screen_row_position=&#8220;middle&#8220; column_margin=&#8220;default&#8220; column_direction=&#8220;default&#8220; column_direction_tablet=&#8220;default&#8220; column_direction_phone=&#8220;default&#8220; bg_color=&#8220;#165039&#8243; scene_position=&#8220;center&#8220; text_color=&#8220;dark&#8220; text_align=&#8220;left&#8220; row_border_radius=&#8220;none&#8220; row_border_radius_applies=&#8220;bg&#8220; overflow=&#8220;visible&#8220; overlay_strength=&#8220;0.3&#8243; gradient_direction=&#8220;left_to_right&#8220; shape_divider_position=&#8220;bottom&#8220; bg_image_animation=&#8220;none&#8220; gradient_type=&#8220;default&#8220; shape_type=&#8220;&#8220;][vc_column column_padding=&#8220;padding-20-percent&#8220; column_padding_tablet=&#8220;padding-10-percent&#8220; column_padding_phone=&#8220;padding-10-percent&#8220; column_padding_position=&#8220;top-bottom&#8220; bottom_margin=&#8220;-100px&#8220; bottom_margin_tablet=&#8220;0&#8243; column_element_direction_desktop=&#8220;default&#8220; column_element_spacing=&#8220;default&#8220; desktop_text_alignment=&#8220;default&#8220; tablet_text_alignment=&#8220;default&#8220;...\" \/>\n<meta property=\"og:url\" content=\"https:\/\/www.dachundgarten.com\/garten\/datenschutzerklaerung\/\" \/>\n<meta property=\"og:site_name\" content=\"Langmann Garten\" \/>\n<meta property=\"article:modified_time\" content=\"2023-09-20T12:21:21+00:00\" \/>\n<meta name=\"twitter:card\" content=\"summary_large_image\" \/>\n<meta name=\"twitter:label1\" content=\"Gesch\u00e4tzte Lesezeit\" \/>\n\t<meta name=\"twitter:data1\" content=\"2 Minuten\" \/>\n<script type=\"application\/ld+json\" class=\"yoast-schema-graph\">{\"@context\":\"https:\/\/schema.org\",\"@graph\":[{\"@type\":\"WebPage\",\"@id\":\"https:\/\/www.dachundgarten.com\/garten\/datenschutzerklaerung\/\",\"url\":\"https:\/\/www.dachundgarten.com\/garten\/datenschutzerklaerung\/\",\"name\":\"Datenschutzerkl\u00e4rung - Langmann Garten\",\"isPartOf\":{\"@id\":\"https:\/\/www.dachundgarten.com\/garten\/#website\"},\"datePublished\":\"2023-09-05T11:01:35+00:00\",\"dateModified\":\"2023-09-20T12:21:21+00:00\",\"inLanguage\":\"de-AT\",\"potentialAction\":[{\"@type\":\"ReadAction\",\"target\":[\"https:\/\/www.dachundgarten.com\/garten\/datenschutzerklaerung\/\"]}]},{\"@type\":\"WebSite\",\"@id\":\"https:\/\/www.dachundgarten.com\/garten\/#website\",\"url\":\"https:\/\/www.dachundgarten.com\/garten\/\",\"name\":\"Langmann Garten\",\"description\":\"\",\"potentialAction\":[{\"@type\":\"SearchAction\",\"target\":{\"@type\":\"EntryPoint\",\"urlTemplate\":\"https:\/\/www.dachundgarten.com\/garten\/?s={search_term_string}\"},\"query-input\":{\"@type\":\"PropertyValueSpecification\",\"valueRequired\":true,\"valueName\":\"search_term_string\"}}],\"inLanguage\":\"de-AT\"}]}<\/script>\n<!-- \/ Yoast SEO plugin. -->","yoast_head_json":{"title":"Datenschutzerkl\u00e4rung - Langmann Garten","robots":{"index":"noindex","follow":"follow"},"og_locale":"de_DE","og_type":"article","og_title":"Datenschutzerkl\u00e4rung - Langmann Garten","og_description":"[vc_row type=&#8220;full_width_background&#8220; full_screen_row_position=&#8220;middle&#8220; column_margin=&#8220;default&#8220; column_direction=&#8220;default&#8220; column_direction_tablet=&#8220;default&#8220; column_direction_phone=&#8220;default&#8220; bg_color=&#8220;#165039&#8243; scene_position=&#8220;center&#8220; text_color=&#8220;dark&#8220; text_align=&#8220;left&#8220; row_border_radius=&#8220;none&#8220; row_border_radius_applies=&#8220;bg&#8220; overflow=&#8220;visible&#8220; overlay_strength=&#8220;0.3&#8243; gradient_direction=&#8220;left_to_right&#8220; shape_divider_position=&#8220;bottom&#8220; bg_image_animation=&#8220;none&#8220; gradient_type=&#8220;default&#8220; shape_type=&#8220;&#8220;][vc_column column_padding=&#8220;padding-20-percent&#8220; column_padding_tablet=&#8220;padding-10-percent&#8220; column_padding_phone=&#8220;padding-10-percent&#8220; column_padding_position=&#8220;top-bottom&#8220; bottom_margin=&#8220;-100px&#8220; bottom_margin_tablet=&#8220;0&#8243; column_element_direction_desktop=&#8220;default&#8220; column_element_spacing=&#8220;default&#8220; desktop_text_alignment=&#8220;default&#8220; tablet_text_alignment=&#8220;default&#8220;...","og_url":"https:\/\/www.dachundgarten.com\/garten\/datenschutzerklaerung\/","og_site_name":"Langmann Garten","article_modified_time":"2023-09-20T12:21:21+00:00","twitter_card":"summary_large_image","twitter_misc":{"Gesch\u00e4tzte Lesezeit":"2 Minuten"},"schema":{"@context":"https:\/\/schema.org","@graph":[{"@type":"WebPage","@id":"https:\/\/www.dachundgarten.com\/garten\/datenschutzerklaerung\/","url":"https:\/\/www.dachundgarten.com\/garten\/datenschutzerklaerung\/","name":"Datenschutzerkl\u00e4rung - Langmann Garten","isPartOf":{"@id":"https:\/\/www.dachundgarten.com\/garten\/#website"},"datePublished":"2023-09-05T11:01:35+00:00","dateModified":"2023-09-20T12:21:21+00:00","inLanguage":"de-AT","potentialAction":[{"@type":"ReadAction","target":["https:\/\/www.dachundgarten.com\/garten\/datenschutzerklaerung\/"]}]},{"@type":"WebSite","@id":"https:\/\/www.dachundgarten.com\/garten\/#website","url":"https:\/\/www.dachundgarten.com\/garten\/","name":"Langmann Garten","description":"","potentialAction":[{"@type":"SearchAction","target":{"@type":"EntryPoint","urlTemplate":"https:\/\/www.dachundgarten.com\/garten\/?s={search_term_string}"},"query-input":{"@type":"PropertyValueSpecification","valueRequired":true,"valueName":"search_term_string"}}],"inLanguage":"de-AT"}]}},"_links":{"self":[{"href":"https:\/\/www.dachundgarten.com\/garten\/wp-json\/wp\/v2\/pages\/591","targetHints":{"allow":["GET"]}}],"collection":[{"href":"https:\/\/www.dachundgarten.com\/garten\/wp-json\/wp\/v2\/pages"}],"about":[{"href":"https:\/\/www.dachundgarten.com\/garten\/wp-json\/wp\/v2\/types\/page"}],"author":[{"embeddable":true,"href":"https:\/\/www.dachundgarten.com\/garten\/wp-json\/wp\/v2\/users\/1"}],"replies":[{"embeddable":true,"href":"https:\/\/www.dachundgarten.com\/garten\/wp-json\/wp\/v2\/comments?post=591"}],"version-history":[{"count":2,"href":"https:\/\/www.dachundgarten.com\/garten\/wp-json\/wp\/v2\/pages\/591\/revisions"}],"predecessor-version":[{"id":684,"href":"https:\/\/www.dachundgarten.com\/garten\/wp-json\/wp\/v2\/pages\/591\/revisions\/684"}],"wp:attachment":[{"href":"https:\/\/www.dachundgarten.com\/garten\/wp-json\/wp\/v2\/media?parent=591"}],"curies":[{"name":"wp","href":"https:\/\/api.w.org\/{rel}","templated":true}]}}